{"id":511,"date":"2017-01-18T16:09:33","date_gmt":"2017-01-18T16:09:33","guid":{"rendered":"http:\/\/whatsupineducation.terredargine.it\/?page_id=511"},"modified":"2017-03-13T09:52:53","modified_gmt":"2017-03-13T09:52:53","slug":"contacts","status":"publish","type":"page","link":"https:\/\/whatsupineducation.terredargine.it\/?page_id=511","title":{"rendered":"Contacts"},"content":{"rendered":"<p><!-- Map --><\/p>\n<section id=\"contact-map\"><div id=\"wpgmza_map\" class=\"wpgmza_map\" data-settings='{\"id\":\"1\",\"map_title\":\"waie-contact\",\"map_width\":\"1230\",\"map_height\":\"400\",\"map_start_lat\":\"56.332342\",\"map_start_lng\":\"20.910237\",\"map_start_location\":\"56.3323419754029,20.91023731424707\",\"map_start_zoom\":\"3\",\"default_marker\":\"0\",\"type\":\"1\",\"alignment\":\"2\",\"directions_enabled\":\"1\",\"styling_enabled\":\"0\",\"styling_json\":\"\",\"active\":\"0\",\"kml\":\"\",\"bicycle\":\"0\",\"traffic\":\"0\",\"dbox\":\"1\",\"dbox_width\":\"100\",\"listmarkers\":\"0\",\"listmarkers_advanced\":\"0\",\"filterbycat\":\"0\",\"ugm_enabled\":\"0\",\"ugm_category_enabled\":\"0\",\"fusion\":\"\",\"map_width_type\":\"px\",\"map_height_type\":\"px\",\"mass_marker_support\":\"1\",\"ugm_access\":\"0\",\"order_markers_by\":\"1\",\"order_markers_choice\":\"2\",\"show_user_location\":\"0\",\"default_to\":\"\",\"other_settings\":{\"store_locator_enabled\":2,\"store_locator_distance\":2,\"store_locator_bounce\":1,\"store_locator_query_string\":\"CAP \\\/ Indirizzo:\",\"store_locator_default_address\":\"\",\"wpgmza_store_locator_restrict\":\"\",\"map_max_zoom\":\"1\",\"transport_layer\":0,\"wpgmza_theme_data\":\"[{\\\\\\\"featureType\\\\\\\": \\\\\\\"administrative\\\\\\\",\\\\\\\"elementType\\\\\\\": \\\\\\\"labels.text.fill\\\\\\\",\\\\\\\"stylers\\\\\\\": [{\\\\\\\"color\\\\\\\": \\\\\\\"#444444\\\\\\\"}]},{\\\\\\\"featureType\\\\\\\": \\\\\\\"landscape\\\\\\\",\\\\\\\"elementType\\\\\\\": \\\\\\\"all\\\\\\\",\\\\\\\"stylers\\\\\\\": [{\\\\\\\"color\\\\\\\": \\\\\\\"#f2f2f2\\\\\\\"}]},{\\\\\\\"featureType\\\\\\\": \\\\\\\"poi\\\\\\\",\\\\\\\"elementType\\\\\\\": \\\\\\\"all\\\\\\\",\\\\\\\"stylers\\\\\\\": [{\\\\\\\"visibility\\\\\\\": \\\\\\\"off\\\\\\\"}]},{\\\\\\\"featureType\\\\\\\": \\\\\\\"road\\\\\\\",\\\\\\\"elementType\\\\\\\": \\\\\\\"all\\\\\\\",\\\\\\\"stylers\\\\\\\": [{\\\\\\\"saturation\\\\\\\": -100},{\\\\\\\"lightness\\\\\\\": 45}]},{\\\\\\\"featureType\\\\\\\": \\\\\\\"road.highway\\\\\\\",\\\\\\\"elementType\\\\\\\": \\\\\\\"all\\\\\\\",\\\\\\\"stylers\\\\\\\": [{\\\\\\\"visibility\\\\\\\": \\\\\\\"simplified\\\\\\\"}]},{\\\\\\\"featureType\\\\\\\": \\\\\\\"road.arterial\\\\\\\",\\\\\\\"elementType\\\\\\\": \\\\\\\"labels.icon\\\\\\\",\\\\\\\"stylers\\\\\\\": [{\\\\\\\"visibility\\\\\\\": \\\\\\\"off\\\\\\\"}]},{\\\\\\\"featureType\\\\\\\": \\\\\\\"transit\\\\\\\",\\\\\\\"elementType\\\\\\\": \\\\\\\"all\\\\\\\",\\\\\\\"stylers\\\\\\\": [{\\\\\\\"visibility\\\\\\\": \\\\\\\"off\\\\\\\"}]},{\\\\\\\"featureType\\\\\\\": \\\\\\\"water\\\\\\\",\\\\\\\"elementType\\\\\\\": \\\\\\\"all\\\\\\\",\\\\\\\"stylers\\\\\\\": [{\\\\\\\"color\\\\\\\": \\\\\\\"#46bcec\\\\\\\"},{\\\\\\\"visibility\\\\\\\": \\\\\\\"on\\\\\\\"}]}]\",\"wpgmza_theme_selection\":1}}' data-map-id='1' Data-maps-engine='' data-shortcode-attributes='{\"id\":\"1\"}' style=\"display:block; overflow:auto; width:1230px; height:400px; float:left;\"><\/div><\/section>\n<div id=\"contatti\" class=\"contact-details\">\n<div class=\"inside clearfix\">\n<div class=\"contact-list\"><label>Scuola d\u2019Infanzia Arcobaleno<br \/>\nUnione terre d\u2019argine, Italy<\/label><\/p>\n<p class=\"contact-value\"><img loading=\"lazy\" decoding=\"async\" class=\"size-thumbnail wp-image-671\" src=\"http:\/\/whatsupineducation.terredargine.it\/wp-content\/uploads\/2017\/01\/logo-arcobaleno-150x150.png\" alt=\"\" width=\"150\" height=\"150\" srcset=\"https:\/\/whatsupineducation.terredargine.it\/wp-content\/uploads\/2017\/01\/logo-arcobaleno-150x150.png 150w, https:\/\/whatsupineducation.terredargine.it\/wp-content\/uploads\/2017\/01\/logo-arcobaleno.png 260w\" sizes=\"auto, (max-width: 150px) 100vw, 150px\" \/><\/p>\n<p class=\"contact-value\"><a href=\"http:\/\/servizi06.terredargine.it\/\" target=\"_blank\">Visit the website<\/a><strong><br \/>\n<\/strong><\/p>\n<p class=\"contact-value\"><a href=\"mailto:laura.borghi@terredargine.it\">laura.borghi@terredargine.it<\/a><\/p>\n<\/div>\n<div class=\"contact-list\"><label>\u00d6jebyn F\u00f6rskoleenhet<br \/>\nPite\u00e5, Sweden<\/label><\/p>\n<p class=\"contact-value\"><img loading=\"lazy\" decoding=\"async\" class=\"alignnone wp-image-766 size-thumbnail\" src=\"http:\/\/whatsupineducation.terredargine.it\/wp-content\/uploads\/2017\/01\/logo-pitea-kommun-BL-150x150.png\" width=\"150\" height=\"150\" \/><\/p>\n<p class=\"contact-value\"><a href=\"https:\/\/www.pitea.se\/\" target=\"_blank\">Visit the website<\/a><strong><br \/>\n<\/strong><\/p>\n<p class=\"contact-value\"><a href=\"mailto:inga.johansson@pitea.se\">inga.johansson@pitea.se<\/a><\/p>\n<\/div>\n<div class=\"contact-list\"><label>Vrtec Jelka<br \/>\nLjubljana, Slovenia<\/label><\/p>\n<p class=\"contact-value\"><img loading=\"lazy\" decoding=\"async\" class=\"alignnone wp-image-827 size-thumbnail\" src=\"http:\/\/whatsupineducation.terredargine.it\/wp-content\/uploads\/2017\/01\/logo-vrtec-jelka-square-150x150.png\" width=\"150\" height=\"150\" srcset=\"https:\/\/whatsupineducation.terredargine.it\/wp-content\/uploads\/2017\/01\/logo-vrtec-jelka-square-150x150.png 150w, https:\/\/whatsupineducation.terredargine.it\/wp-content\/uploads\/2017\/01\/logo-vrtec-jelka-square.png 210w\" sizes=\"auto, (max-width: 150px) 100vw, 150px\" \/><\/p>\n<p class=\"contact-value\"><a href=\"http:\/\/www.vrtec-jelka.si\" target=\"_blank\">Visit the website<\/a><strong><br \/>\n<\/strong><\/p>\n<p class=\"contact-value\"><a href=\"mailto:petra.kocar@vrtec-jelka.si\">petra.kocar@vrtec-jelka.si<\/a><\/p>\n<\/div>\n<\/div>\n<\/div>\n","protected":false},"excerpt":{"rendered":"<p>Scuola d\u2019Infanzia Arcobaleno Unione terre d\u2019argine, Italy Visit the website laura.borghi@terredargine.it \u00d6jebyn F\u00f6rskoleenhet Pite\u00e5, Sweden Visit the website inga.johansson@pitea.se Vrtec Jelka Ljubljana, Slovenia Visit the website petra.kocar@vrtec-jelka.si<\/p>\n","protected":false},"author":1,"featured_media":0,"parent":0,"menu_order":100,"comment_status":"closed","ping_status":"closed","template":"content-fullwidth.php","meta":{"footnotes":""},"class_list":["post-511","page","type-page","status-publish","hentry"],"_links":{"self":[{"href":"https:\/\/whatsupineducation.terredargine.it\/index.php?rest_route=\/wp\/v2\/pages\/511","targetHints":{"allow":["GET"]}}],"collection":[{"href":"https:\/\/whatsupineducation.terredargine.it\/index.php?rest_route=\/wp\/v2\/pages"}],"about":[{"href":"https:\/\/whatsupineducation.terredargine.it\/index.php?rest_route=\/wp\/v2\/types\/page"}],"author":[{"embeddable":true,"href":"https:\/\/whatsupineducation.terredargine.it\/index.php?rest_route=\/wp\/v2\/users\/1"}],"replies":[{"embeddable":true,"href":"https:\/\/whatsupineducation.terredargine.it\/index.php?rest_route=%2Fwp%2Fv2%2Fcomments&post=511"}],"version-history":[{"count":33,"href":"https:\/\/whatsupineducation.terredargine.it\/index.php?rest_route=\/wp\/v2\/pages\/511\/revisions"}],"predecessor-version":[{"id":843,"href":"https:\/\/whatsupineducation.terredargine.it\/index.php?rest_route=\/wp\/v2\/pages\/511\/revisions\/843"}],"wp:attachment":[{"href":"https:\/\/whatsupineducation.terredargine.it\/index.php?rest_route=%2Fwp%2Fv2%2Fmedia&parent=511"}],"curies":[{"name":"wp","href":"https:\/\/api.w.org\/{rel}","templated":true}]}}